{"id":1201,"date":"2019-11-12T14:43:42","date_gmt":"2019-11-12T13:43:42","guid":{"rendered":"https:\/\/chtulipan.pl\/?page_id=1201"},"modified":"2025-04-30T09:11:53","modified_gmt":"2025-04-30T07:11:53","slug":"for-media","status":"publish","type":"page","link":"https:\/\/chtulipan.pl\/en\/about-us\/for-media\/","title":{"rendered":"For media"},"content":{"rendered":"<p>Are you looking for materials to use in the press? Here you can find the logotype and photos of Tulipan to download.<\/p>\n<p>Download:<br \/>\n<a href=\"https:\/\/chtulipan.pl\/wp-content\/uploads\/2019\/09\/logo.jpg\" target=\"_blank\" rel=\"noopener noreferrer\">Logo<\/a><br \/>\n<a href=\"https:\/\/chtulipan.pl\/wp-content\/uploads\/2019\/09\/logo-tulipan.pdf\" target=\"_blank\" rel=\"noopener noreferrer\">Logo center (PDF)<\/a><br \/>\n<a href=\"https:\/\/chtulipan.pl\/wp-content\/uploads\/2019\/09\/fasada.jpg\" target=\"_blank\" rel=\"noopener noreferrer\">Photos<\/a><\/p>\n<p>Logotyp Centrum Handlowego Tulipan stanowi znak towarowy w rozumieniu ustawy z dnia 30 czerwca 2000 r. prawo w\u0142asno\u015bci przemys\u0142owej (Dz. U. z 2013 r. poz. 1410 z p\u00f3\u017an. zm.), kt\u00f3ry to znak obj\u0119ty jest prawem ochronnym o nr 177425, zastrze\u017conym na rzecz sp\u00f3\u0142ki Galeria Tulipan sp. z o.o. Jednocze\u015bnie logotyp Centrum Handlowego Tulipan stanowi utw\u00f3r w rozumieniu art. 1 ustawy z dnia 4 lutego 1994 r. o prawie autorskim i prawach pokrewnych (Dz. U. z 2016 r., poz. 666 z p\u00f3\u017an. zm.). W zwi\u0105zku z powy\u017cszym Zakazane jest jakiekolwiek wykorzystanie logotypu Centrum Handlowego Tulipan bez uprzedniej pisemnej zgody sp\u00f3\u0142ki Galeria Tulipan Sp. z o.o.4<\/p>\n<p>&nbsp;<\/p>\n<h2>Con\u00adtact for me\u00addia<\/h2>\n<p>Weronika Machnik<br \/>\nGru\u00ad\u00adpa PRC Ho\u00adl\u00adding<br \/>\ntel.: <a href=\"tel:690044416\" target=\"_blank\" rel=\"noopener\">690 044 416<\/a><br \/>\ne-mail: <a href=\"mailto:weronika.machnik@prc.pl\" target=\"_blank\" rel=\"noopener\">weronika.machnik@prc.pl<\/a><\/p>\n","protected":false},"excerpt":{"rendered":"<p>Are you looking for materials to use in the press? Here you can find the logotype and photos of Tulipan to download. Download: Logo Logo center (PDF) Photos Logotyp Centrum [&hellip;]<\/p>\n","protected":false},"author":1,"featured_media":0,"parent":1191,"menu_order":4,"comment_status":"closed","ping_status":"closed","template":"page-templates\/aboutSuppages.php","meta":{"footnotes":""},"class_list":["post-1201","page","type-page","status-publish","hentry"],"acf":[],"yoast_head":"<!-- This site is optimized with the Yoast SEO plugin v21.9.1 - https:\/\/yoast.com\/wordpress\/plugins\/seo\/ -->\n<title>For media - Centrum Handlowe Tulipan<\/title>\n<meta name=\"robots\" content=\"index, follow, max-snippet:-1, max-image-preview:large, max-video-preview:-1\" \/>\n<link rel=\"canonical\" href=\"https:\/\/chtulipan.pl\/en\/about-us\/for-media\/\" \/>\n<meta property=\"og:locale\" content=\"en_US\" \/>\n<meta property=\"og:type\" content=\"article\" \/>\n<meta property=\"og:title\" content=\"For media - Centrum Handlowe Tulipan\" \/>\n<meta property=\"og:description\" content=\"Are you looking for materials to use in the press? Here you can find the logotype and photos of Tulipan to download. Download: Logo Logo center (PDF) Photos Logotyp Centrum [&hellip;]\" \/>\n<meta property=\"og:url\" content=\"https:\/\/chtulipan.pl\/en\/about-us\/for-media\/\" \/>\n<meta property=\"og:site_name\" content=\"Centrum Handlowe Tulipan\" \/>\n<meta property=\"article:publisher\" content=\"https:\/\/www.facebook.com\/CH.Tulipan\/\" \/>\n<meta property=\"article:modified_time\" content=\"2025-04-30T07:11:53+00:00\" \/>\n<meta name=\"twitter:card\" content=\"summary_large_image\" \/>\n<meta name=\"twitter:label1\" content=\"Est. reading time\" \/>\n\t<meta name=\"twitter:data1\" content=\"1 minute\" \/>\n<!-- \/ Yoast SEO plugin. -->","yoast_head_json":{"title":"For media - Centrum Handlowe Tulipan","robots":{"index":"index","follow":"follow","max-snippet":"max-snippet:-1","max-image-preview":"max-image-preview:large","max-video-preview":"max-video-preview:-1"},"canonical":"https:\/\/chtulipan.pl\/en\/about-us\/for-media\/","og_locale":"en_US","og_type":"article","og_title":"For media - Centrum Handlowe Tulipan","og_description":"Are you looking for materials to use in the press? Here you can find the logotype and photos of Tulipan to download. Download: Logo Logo center (PDF) Photos Logotyp Centrum [&hellip;]","og_url":"https:\/\/chtulipan.pl\/en\/about-us\/for-media\/","og_site_name":"Centrum Handlowe Tulipan","article_publisher":"https:\/\/www.facebook.com\/CH.Tulipan\/","article_modified_time":"2025-04-30T07:11:53+00:00","twitter_card":"summary_large_image","twitter_misc":{"Est. reading time":"1 minute"},"schema":{"@context":"https:\/\/schema.org","@graph":[{"@type":"WebPage","@id":"https:\/\/chtulipan.pl\/en\/about-us\/for-media\/","url":"https:\/\/chtulipan.pl\/en\/about-us\/for-media\/","name":"For media - Centrum Handlowe Tulipan","isPartOf":{"@id":"https:\/\/chtulipan.pl\/#website"},"datePublished":"2019-11-12T13:43:42+00:00","dateModified":"2025-04-30T07:11:53+00:00","breadcrumb":{"@id":"https:\/\/chtulipan.pl\/en\/about-us\/for-media\/#breadcrumb"},"inLanguage":"en-US","potentialAction":[{"@type":"ReadAction","target":["https:\/\/chtulipan.pl\/en\/about-us\/for-media\/"]}]},{"@type":"BreadcrumbList","@id":"https:\/\/chtulipan.pl\/en\/about-us\/for-media\/#breadcrumb","itemListElement":[{"@type":"ListItem","position":1,"name":"Home page","item":"https:\/\/chtulipan.pl\/en\/"},{"@type":"ListItem","position":2,"name":"About us","item":"https:\/\/chtulipan.pl\/o-centrum\/"},{"@type":"ListItem","position":3,"name":"For media"}]},{"@type":"WebSite","@id":"https:\/\/chtulipan.pl\/#website","url":"https:\/\/chtulipan.pl\/","name":"Centrum Handlowe Tulipan","description":"","potentialAction":[{"@type":"SearchAction","target":{"@type":"EntryPoint","urlTemplate":"https:\/\/chtulipan.pl\/?s={search_term_string}"},"query-input":"required name=search_term_string"}],"inLanguage":"en-US"}]}},"_links":{"self":[{"href":"https:\/\/chtulipan.pl\/en\/wp-json\/wp\/v2\/pages\/1201","targetHints":{"allow":["GET"]}}],"collection":[{"href":"https:\/\/chtulipan.pl\/en\/wp-json\/wp\/v2\/pages"}],"about":[{"href":"https:\/\/chtulipan.pl\/en\/wp-json\/wp\/v2\/types\/page"}],"author":[{"embeddable":true,"href":"https:\/\/chtulipan.pl\/en\/wp-json\/wp\/v2\/users\/1"}],"replies":[{"embeddable":true,"href":"https:\/\/chtulipan.pl\/en\/wp-json\/wp\/v2\/comments?post=1201"}],"version-history":[{"count":2,"href":"https:\/\/chtulipan.pl\/en\/wp-json\/wp\/v2\/pages\/1201\/revisions"}],"predecessor-version":[{"id":15186,"href":"https:\/\/chtulipan.pl\/en\/wp-json\/wp\/v2\/pages\/1201\/revisions\/15186"}],"up":[{"embeddable":true,"href":"https:\/\/chtulipan.pl\/en\/wp-json\/wp\/v2\/pages\/1191"}],"wp:attachment":[{"href":"https:\/\/chtulipan.pl\/en\/wp-json\/wp\/v2\/media?parent=1201"}],"curies":[{"name":"wp","href":"https:\/\/api.w.org\/{rel}","templated":true}]}}