{"id":2057,"date":"2019-11-27T11:20:29","date_gmt":"2019-11-27T10:20:29","guid":{"rendered":"https:\/\/chtulipan.pl\/?page_id=2057"},"modified":"2019-11-27T11:20:29","modified_gmt":"2019-11-27T10:20:29","slug":"event-regulations","status":"publish","type":"page","link":"https:\/\/chtulipan.pl\/en\/event-regulations\/","title":{"rendered":"Event regulations"},"content":{"rendered":"<p>&nbsp;<\/p>\n<p style=\"text-align: center;\"><strong>REGULAMIN WYDARZE\u0143 ODBYWAJ\u0104CYCH SI\u0118 NA TERENIE CENTRUM HANDLOWEGO TULIPAN<\/strong><\/p>\n<p style=\"text-align: center;\"><strong>\u201eREGULAMIN\u201d<\/strong><\/p>\n<p style=\"text-align: center;\"><strong>PREAMBU\u0141A<\/strong><\/p>\n<p>Niniejszy Regulamin Wydarze\u0144 okre\u015bla og\u00f3lne zasady organizacji i uczestnictwa w wydarzeniach organizowanych na zlecenie Zarz\u0105dcy Centrum Handlowego Tulipan znajduj\u0105cego si\u0119 w \u0141odzi (dalej zwanego \u201e<strong>Centrum<\/strong>\u201d) na terenie Centrum (dalej zwanych \u201e<strong>Wydarzeniami<\/strong>\u201d, a ka\u017cde z nich osobno \u201e<strong>Wydarzeniem<\/strong>\u201d).<\/p>\n<p>Regulamin Wydarze\u0144 obowi\u0105zuje wszystkich uczestnik\u00f3w danego Wydarzenia.<\/p>\n<p style=\"text-align: center;\"><strong>\u00a71.<\/strong><\/p>\n<ol>\n<li>Organizatorem danego Wydarzenia jest ka\u017cdorazowo profesjonalny organizator odpowiedzialny za organizacj\u0119 oraz przebieg Wydarzenia. Dane organizatora Wydarzenia b\u0119d\u0105 publicznie dost\u0119pne najp\u00f3\u017aniej w momencie rozpocz\u0119cia Wydarzenia.<\/li>\n<li>W przypadku gdy dla danego Wydarzenia zostanie stworzony regulamin szczeg\u00f3\u0142owy, kt\u00f3ry zostanie podany do publicznej wiadomo\u015bci, w\u00f3wczas taki regulamin jest nadrz\u0119dny w stosunku do niniejszego Regulaminu Wydarze\u0144. W zakresie rozbie\u017cno\u015bci pomi\u0119dzy ww. regulaminami, wi\u0105\u017c\u0105ca jest tre\u015b\u0107 regulaminu szczeg\u00f3\u0142owego.<\/li>\n<li>Stosowanie niniejszego Regulaminu Wydarze\u0144 nie zwalnia uczestnika Wydarzenia od zasad wskazanych w Regulaminie Wewn\u0119trznym Centrum Handlowego Tulipan.<\/li>\n<li>Celem Regulaminu Wydarze\u0144 jest zapewnienie bezpiecze\u0144stwa Wydarzenia poprzez okre\u015blenie zasad zachowania si\u0119 uczestnik\u00f3w, a ponadto uregulowanie praw i\/lub obowi\u0105zk\u00f3w uczestnik\u00f3w.<\/li>\n<\/ol>\n<ol start=\"5\">\n<li>Uczestnicy Wydarzenia zobowi\u0105zani s\u0105 stosowa\u0107 si\u0119 do polece\u0144 organizatora (w tym jego s\u0142u\u017cb) w zakresie bezpiecze\u0144stwa oraz przebiegu Wydarzenia.<\/li>\n<li>Ka\u017cde Wydarzenie odbywa si\u0119 na wydzielonej powierzchni (zwanej dalej \u201e<strong>Powierzchni\u0105<\/strong>\u201d). Podmiotem odpowiedzialnym zagospodarowanie Powierzchni oraz za bezpiecze\u0144stwo przebywaj\u0105cych na niej uczestnik\u00f3w pozostaje organizator danego Wydarzenia.<\/li>\n<li><strong>Uczestnikiem Wydarzenia jest <\/strong>osoba fizyczna, kt\u00f3ra przebywa na Powierzchni. Osoby pe\u0142noletnie tj. kt\u00f3re uko\u0144czy\u0142y 18 lat mog\u0105 uczestniczy\u0107 w Wydarzeniu samodzielnie. Osoby ma\u0142oletnie, kt\u00f3re uko\u0144czy\u0142y lat 13 mog\u0105 uczestniczy\u0107 w Wydarzeniu samodzielnie, ale pod warunkiem uzyskania pisemnej zgody na to uczestnictwo od Przedstawiciela Ustawowego. Ma\u0142oletni oraz dzieci poni\u017cej lat 13 mog\u0105 by\u0107 uczestnikiem, wy\u0142\u0105cznie pod warunkiem pozostawania pod opiek\u0105 osoby doros\u0142ej (kt\u00f3ra uko\u0144czy\u0142a 18 lat), przy jednoczesnej zgodzie przedstawiciela ustawowego (rodzica lub opiekuna prawnego). Osoby wymagaj\u0105ce specjalnej opieki mog\u0105 przebywa\u0107 na Powierzchni wy\u0142\u0105cznie pod opiek\u0105 dedykowanego dla nich opiekuna.<\/li>\n<li>Ka\u017cdy z Uczestnik\u00f3w, zobowi\u0105zany jest do uwa\u017cnego zapoznania si\u0119 z niniejszym Regulaminem przed uczestnictwem w Wydarzeniu.<\/li>\n<li>Uczestnictwo w Wydarzeniu mo\u017ce wi\u0105za\u0107 si\u0119 z ograniczon\u0105 ilo\u015bci\u0105 miejsc, co mo\u017ce spowodowa\u0107 ograniczenia w dost\u0119pnie do Powierzchni i tym samym uczestnictwie w Wydarzeniu.<\/li>\n<li>Zabrania si\u0119 pozostawiania rzeczy osobistych bez opieki na Powierzchni. Organizator nie prowadzi depozytu rzeczy warto\u015bciowych, w tym szczeg\u00f3lno\u015bci dokument\u00f3w, pieni\u0119dzy, bi\u017cuterii, sprz\u0119tu elektronicznego, kart p\u0142atniczych, itp.<\/li>\n<li>Uczestnik zobowi\u0105zany jest do poddania si\u0119 poleceniom organizatora (w tym s\u0142u\u017cbom porz\u0105dkowym).<\/li>\n<li>Na Powierzchni:\n<ol>\n<li>zabrania si\u0119 wnoszenia przez uczestnik\u00f3w sprz\u0119tu rejestruj\u0105cego audio-video oraz aparat\u00f3w fotograficznych, mog\u0105cych mie\u0107 profesjonalne zastosowanie;<\/li>\n<li>ewentualne zdj\u0119cia lub filmiki mog\u0105 by\u0107 rejestrowane przez uczestnik\u00f3w wy\u0142\u0105cznie dla cel\u00f3w prywatnych. Przy czym nale\u017cy wykonywa\u0107 to w taki spos\u00f3b aby nie przeszkadza\u0107 innym uczestnikom oraz organizatorowi;<\/li>\n<li>zabrania si\u0119 wnoszenia niebezpiecznych przedmiot\u00f3w, w tym broni, petard, rac, itp.;<\/li>\n<li>zabrania si\u0119 wnoszenia alkoholu i \u015brodk\u00f3w odurzaj\u0105cych, psychotropowych lub innych podobnie dzia\u0142aj\u0105cych \u015brodk\u00f3w.<\/li>\n<\/ol>\n<\/li>\n<\/ol>\n<ol start=\"13\">\n<li>Organizator ma prawo odm\u00f3wi\u0107 wst\u0119pu na Powierzchni\u0119:<\/li>\n<li>osobie znajduj\u0105cej si\u0119 pod widocznym wp\u0142ywem alkoholu, \u015brodk\u00f3w odurzaj\u0105cych, psychotropowych lub innych podobnie dzia\u0142aj\u0105cych \u015brodk\u00f3w;<\/li>\n<li>osobie posiadaj\u0105cej bro\u0144 lub inne niebezpieczne przedmioty, materia\u0142y wybuchowe, wyroby pirotechniczne, materia\u0142y po\u017carowo niebezpieczne, napoje alkoholowe, \u015brodki odurzaj\u0105ce lub substancje psychotropowe;<\/li>\n<li>osobie zachowuj\u0105cej si\u0119 agresywnie, prowokacyjnie albo w inny spos\u00f3b stwarzaj\u0105cej zagro\u017cenie dla bezpiecze\u0144stwa lub porz\u0105dku publicznego;<\/li>\n<li>osobom wobec kt\u00f3rych zosta\u0142o wydane orzeczenie zakazuj\u0105ce wst\u0119pu na imprez\u0119 masow\u0105 lub zobowi\u0105zuj\u0105ce do powstrzymania si\u0119 od przebywania w miejscach przeprowadzania imprez masowych, wydane przez s\u0105d wobec skazanego w zwi\u0105zku z warunkowym zawieszeniem wykonania kary pozbawienia wolno\u015bci albo wobec nieletniego na podstawie art. 6 pkt. 2 ustawy z dnia 26 pa\u017adziernika 1982 r.<em>o post\u0119powaniu w sprawach nieletnich<\/em>, a tak\u017ce osobom wobec kt\u00f3rych zosta\u0142 wydany zakaz zagraniczny lub klubowy w rozumieniu Ustawy<\/li>\n<\/ol>\n<p>Powy\u017cej wskazanym osobom odmawia si\u0119 wst\u0119pu na Wydarzenie.<\/p>\n<ol start=\"14\">\n<li>Niniejszym informuje si\u0119 uczestnik\u00f3w Wydarzenia, i\u017c przebieg danego Wydarzenia mo\u017ce by\u0107 rejestrowany za pomoc\u0105 urz\u0105dze\u0144 rejestruj\u0105cych obraz i\/lub d\u017awi\u0119k celem wykonania relacji z Wydarzenia w wersji fotograficznej (w tym uj\u0119te s\u0105 zdj\u0119cia cyfrowe) lub filmu audio-wizualnego.<\/li>\n<\/ol>\n<p>Wobec tego ka\u017cdy uczestnik uczestnicz\u0105c w Wydarzeniu <strong><span style=\"text-decoration: underline;\">wyra\u017ca zgod\u0119<\/span><\/strong> na\u00a0powy\u017csze utrwalanie przebiegu Wydarzenia z jego udzia\u0142em (w tym na wykorzystanie wizerunku) dla cel\u00f3w dokumentacji oraz promocji\/reklamy Wydarzenia i Centrum w przysz\u0142o\u015bci, a nast\u0119pnie rozpowszechnianie dla cel\u00f3w dokumentacyjnych, reklamowych oraz promocyjnych.<\/p>\n<p><strong>Rozpowszechnianie wizerunku w powy\u017cszym celu odbywa\u0107 si\u0119 b\u0119dzie:<\/strong><\/p>\n<ol>\n<li>okre\u015blon\u0105 metod\u0105 i w dowolnej ilo\u015bci celem reklamy promocji i informacji zwi\u0105zanej z Wydarzeniem i Centrum, w tym: technik\u0105 drukarsk\u0105, poligraficzn\u0105, cyfrow\u0105 w formie druk\u00f3w, plakat\u00f3w, banner\u00f3w itp. oraz w zakresie publicznego wystawienia, wy\u015bwietlenia, odtworzenia oraz nadawania, jak i reemitowania, a tak\u017ce publicznego udost\u0119pniania w taki spos\u00f3b, aby ka\u017cdy m\u00f3g\u0142 mie\u0107 do niego dost\u0119p w miejscu i w czasie przez siebie wybranym, w tym za po\u015brednictwem sieci komputerowej Internet;<\/li>\n<li>w dowolny spos\u00f3b, a w szczeg\u00f3lno\u015bci u\u017cywanie ich w toku dzia\u0142alno\u015bci zwi\u0105zanej z funkcjonowaniem Centrum, w tym dzia\u0142alno\u015bci reklamowej, promocyjnej;<\/li>\n<li>poprzez wprowadzenie do pami\u0119ci komputera (serwera), utrwalenie, zwielokrotnienie i wprowadzenie do obrotu na no\u015bnikach optycznych, magnetycznych i innych cyfrowych;<\/li>\n<li>poprzez w\u0142\u0105czenie cz\u0119\u015bci lub ca\u0142o\u015bci do utworu multimedialnego lub programu komputerowego;<\/li>\n<li>poprzez wprowadzanie do obrotu utrwale\u0144, w tym utrwale\u0144 w formie plik\u00f3w komputerowych zachowanych w dowolnych formatach;<\/li>\n<li>poprzez dokonywanie obr\u00f3bki cyfrowej i monta\u017cu oraz dostosowywania do format\u00f3w zgodnych z wykorzystaniem, r\u00f3wnie\u017c w ramach sieci komputerowej Internet lub innych programach multimedialnych;<\/li>\n<li>poprzez publiczne rozpowszechnianie, obr\u00f3t egzemplarzami, na kt\u00f3rych utrwalono ten wizerunek, tak\u017ce wyra\u017ca zgod\u0119 na \u0142\u0105czenie wizerunku z innymi obrazami, tekstem, grafik\u0105, filmami, d\u017awi\u0119kiem, materia\u0142ami audiowizualnymi oraz na kadrowanie, zmian\u0119 i modyfikacj\u0119 wizerunku, w szczeg\u00f3lno\u015bci poprzez rozpowszechnianie wizerunku (za wyj\u0105tkiem jedynie materia\u0142\u00f3w i informacji o charakterze pornograficznym lub szkaluj\u0105cym ten wizerunek).<\/li>\n<\/ol>\n<p>Powy\u017csza zgoda nie jest ograniczona w zakresie czasu, miejsca lub liczby egzemplarzy b\u0105d\u017a konieczno\u015bci uiszczenia na rzecz uczestnika Wydarzenia jakichkolwiek op\u0142at. R\u00f3wnocze\u015bnie uczestnik zrzeka si\u0119 wszelkich praw zwi\u0105zanych z zatwierdzeniem ka\u017cdorazowego wykorzystania wizerunku. Zgoda uczestnika jest nieodwo\u0142alna i podlega przepisom prawa polskiego.<\/p>\n<p>Niniejsza zgoda udzielona jest na rzecz ka\u017cdoczesnego w\u0142a\u015bciciela i zarz\u0105dcy Centrum oraz nast\u0119pc\u00f3w prawnych tych podmiot\u00f3w.<\/p>\n<p>Uczestnik lub odpowiednio przedstawiciel ustawowy (opiekun prawny) uczestnika o\u015bwiadcza i gwarantuje, \u017ce posiada zdolno\u015b\u0107 prawn\u0105 potrzebn\u0105 do udzielenia niniejszej zgody.<\/p>\n<p><strong>W przypadku braku zgody na powy\u017csze ewentualne wykorzystanie wizerunku \u2013 uczestnik najp\u00f3\u017aniej w momencie zako\u0144czenia Wydarzenia proszony jest o zg\u0142oszenie pisemnego sprzeciwu do biura dyrekcji Centrum b\u0105d\u017a o powstrzymanie si\u0119 od uczestnictwa w Wydarzeniu.<\/strong><\/p>\n<ol start=\"15\">\n<li>Zabrania si\u0119 prowadzenia jakiejkolwiek dzia\u0142alno\u015bci handlowej lub innej zarobkowej, a tak\u017ce dzia\u0142alno\u015bci reklamowej oraz promocyjnej na Powierzchni.<\/li>\n<\/ol>\n<p style=\"text-align: center;\"><strong>\u00a72.<\/strong><\/p>\n<ol>\n<li>W sprawach nieunormowanych niniejszym Regulaminem maj\u0105 zastosowanie przepisy prawa powszechnie obowi\u0105zuj\u0105cego, z zastrze\u017ceniem postanowie\u0144 <strong> 1 ust. 2 powy\u017cej<\/strong>.<\/li>\n<li>Regulamin niniejszy obowi\u0105zuje od momentu jego opublikowania na stronie internetowej Centrum. Wersja Regulaminu widniej\u0105ca na stronie internetowej Centrum <strong>chtulipan.pl<\/strong> zawsze jest wersj\u0105 aktualnie obowi\u0105zuj\u0105c\u0105.<\/li>\n<li>Regulamin wchodzi w \u017cycie w dniu 1 lipca 2018 roku.<\/li>\n<\/ol>\n<p>Regulamin dost\u0119pny tak\u017ce w pliku .pdf:\u00a0<a href=\"\/wp-content\/uploads\/2019\/11\/regulamin_wydarzenia_chtulipan.pdf\" target=\"_blank\" rel=\"noopener noreferrer\">KLIKNIJ TUTAJ<\/a><\/p>\n","protected":false},"excerpt":{"rendered":"<p>&nbsp; REGULAMIN WYDARZE\u0143 ODBYWAJ\u0104CYCH SI\u0118 NA TERENIE CENTRUM HANDLOWEGO TULIPAN \u201eREGULAMIN\u201d PREAMBU\u0141A Niniejszy Regulamin Wydarze\u0144 okre\u015bla og\u00f3lne zasady organizacji i uczestnictwa w wydarzeniach organizowanych na zlecenie Zarz\u0105dcy Centrum Handlowego Tulipan [&hellip;]<\/p>\n","protected":false},"author":1,"featured_media":0,"parent":0,"menu_order":9,"comment_status":"closed","ping_status":"closed","template":"","meta":{"footnotes":""},"class_list":["post-2057","page","type-page","status-publish","hentry"],"acf":[],"yoast_head":"<!-- This site is optimized with the Yoast SEO plugin v21.9.1 - https:\/\/yoast.com\/wordpress\/plugins\/seo\/ -->\n<title>Event regulations - Centrum Handlowe Tulipan<\/title>\n<meta name=\"robots\" content=\"index, follow, max-snippet:-1, max-image-preview:large, max-video-preview:-1\" \/>\n<link rel=\"canonical\" href=\"https:\/\/chtulipan.pl\/regulamin-wydarzen\/\" \/>\n<meta property=\"og:locale\" content=\"en_US\" \/>\n<meta property=\"og:type\" content=\"article\" \/>\n<meta property=\"og:title\" content=\"Event regulations - Centrum Handlowe Tulipan\" \/>\n<meta property=\"og:description\" content=\"&nbsp; REGULAMIN WYDARZE\u0143 ODBYWAJ\u0104CYCH SI\u0118 NA TERENIE CENTRUM HANDLOWEGO TULIPAN \u201eREGULAMIN\u201d PREAMBU\u0141A Niniejszy Regulamin Wydarze\u0144 okre\u015bla og\u00f3lne zasady organizacji i uczestnictwa w wydarzeniach organizowanych na zlecenie Zarz\u0105dcy Centrum Handlowego Tulipan [&hellip;]\" \/>\n<meta property=\"og:url\" content=\"https:\/\/chtulipan.pl\/regulamin-wydarzen\/\" \/>\n<meta property=\"og:site_name\" content=\"Centrum Handlowe Tulipan\" \/>\n<meta property=\"article:publisher\" content=\"https:\/\/www.facebook.com\/CH.Tulipan\/\" \/>\n<meta name=\"twitter:card\" content=\"summary_large_image\" \/>\n<meta name=\"twitter:label1\" content=\"Est. reading time\" \/>\n\t<meta name=\"twitter:data1\" content=\"6 minutes\" \/>\n<!-- \/ Yoast SEO plugin. -->","yoast_head_json":{"title":"Event regulations - Centrum Handlowe Tulipan","robots":{"index":"index","follow":"follow","max-snippet":"max-snippet:-1","max-image-preview":"max-image-preview:large","max-video-preview":"max-video-preview:-1"},"canonical":"https:\/\/chtulipan.pl\/regulamin-wydarzen\/","og_locale":"en_US","og_type":"article","og_title":"Event regulations - Centrum Handlowe Tulipan","og_description":"&nbsp; REGULAMIN WYDARZE\u0143 ODBYWAJ\u0104CYCH SI\u0118 NA TERENIE CENTRUM HANDLOWEGO TULIPAN \u201eREGULAMIN\u201d PREAMBU\u0141A Niniejszy Regulamin Wydarze\u0144 okre\u015bla og\u00f3lne zasady organizacji i uczestnictwa w wydarzeniach organizowanych na zlecenie Zarz\u0105dcy Centrum Handlowego Tulipan [&hellip;]","og_url":"https:\/\/chtulipan.pl\/regulamin-wydarzen\/","og_site_name":"Centrum Handlowe Tulipan","article_publisher":"https:\/\/www.facebook.com\/CH.Tulipan\/","twitter_card":"summary_large_image","twitter_misc":{"Est. reading time":"6 minutes"},"schema":{"@context":"https:\/\/schema.org","@graph":[{"@type":"WebPage","@id":"https:\/\/chtulipan.pl\/regulamin-wydarzen\/","url":"https:\/\/chtulipan.pl\/regulamin-wydarzen\/","name":"Event regulations - Centrum Handlowe Tulipan","isPartOf":{"@id":"https:\/\/chtulipan.pl\/#website"},"datePublished":"2019-11-27T10:20:29+00:00","dateModified":"2019-11-27T10:20:29+00:00","breadcrumb":{"@id":"https:\/\/chtulipan.pl\/regulamin-wydarzen\/#breadcrumb"},"inLanguage":"en-US","potentialAction":[{"@type":"ReadAction","target":["https:\/\/chtulipan.pl\/regulamin-wydarzen\/"]}]},{"@type":"BreadcrumbList","@id":"https:\/\/chtulipan.pl\/regulamin-wydarzen\/#breadcrumb","itemListElement":[{"@type":"ListItem","position":1,"name":"Home page","item":"https:\/\/chtulipan.pl\/en\/"},{"@type":"ListItem","position":2,"name":"Event regulations"}]},{"@type":"WebSite","@id":"https:\/\/chtulipan.pl\/#website","url":"https:\/\/chtulipan.pl\/","name":"Centrum Handlowe Tulipan","description":"","potentialAction":[{"@type":"SearchAction","target":{"@type":"EntryPoint","urlTemplate":"https:\/\/chtulipan.pl\/?s={search_term_string}"},"query-input":"required name=search_term_string"}],"inLanguage":"en-US"}]}},"_links":{"self":[{"href":"https:\/\/chtulipan.pl\/en\/wp-json\/wp\/v2\/pages\/2057","targetHints":{"allow":["GET"]}}],"collection":[{"href":"https:\/\/chtulipan.pl\/en\/wp-json\/wp\/v2\/pages"}],"about":[{"href":"https:\/\/chtulipan.pl\/en\/wp-json\/wp\/v2\/types\/page"}],"author":[{"embeddable":true,"href":"https:\/\/chtulipan.pl\/en\/wp-json\/wp\/v2\/users\/1"}],"replies":[{"embeddable":true,"href":"https:\/\/chtulipan.pl\/en\/wp-json\/wp\/v2\/comments?post=2057"}],"version-history":[{"count":0,"href":"https:\/\/chtulipan.pl\/en\/wp-json\/wp\/v2\/pages\/2057\/revisions"}],"wp:attachment":[{"href":"https:\/\/chtulipan.pl\/en\/wp-json\/wp\/v2\/media?parent=2057"}],"curies":[{"name":"wp","href":"https:\/\/api.w.org\/{rel}","templated":true}]}}